{"id":85,"date":"2020-05-17T16:58:57","date_gmt":"2020-05-17T14:58:57","guid":{"rendered":"https:\/\/soigneralzheimer.com\/?page_id=85"},"modified":"2020-05-21T08:51:10","modified_gmt":"2020-05-21T06:51:10","slug":"evaluation","status":"publish","type":"page","link":"https:\/\/soigneralzheimer.com\/fr\/evaluation\/","title":{"rendered":"Evaluer l&rsquo;\u00e9volution de la maladie"},"content":{"rendered":"\n<h4 class=\"wp-block-heading\">Introduction<\/h4>\n\n\n\n<p>A partir du moment o\u00f9 nous avons commenc\u00e9 notre r\u00e9gime de fa\u00e7on s\u00e9rieuse, j&rsquo;ai eu rapidement l&rsquo;impression que l&rsquo;\u00e9tat de ma maman s&rsquo;am\u00e9liorait. Etait-ce objectif ou uniquement une douce illusion? Pour le savoir, je voulais avoir des tests me permettant d&rsquo;\u00e9valuer l&rsquo;avanc\u00e9e de la maladie de mani\u00e8re objective. Je pr\u00e9sente ces tests ici ainsi que les r\u00e9sultats obtenus par ma maman au fil du temps.<\/p>\n\n\n\n<h4 class=\"wp-block-heading\">Le test de l&rsquo;horloge<\/h4>\n\n\n\n<p>On demande au malade de dessiner le cadran d&rsquo;une horloge, puis de dessiner les heures et d&rsquo;indiquer 11h10, sans mentionner le mot aiguille.<\/p>\n\n\n\n<div class=\"wp-block-buttons is-layout-flex wp-block-buttons-is-layout-flex\">\n<div class=\"wp-block-button\"><a class=\"wp-block-button__link has-background has-vivid-green-cyan-background-color\" href=\"https:\/\/soigneralzheimer.com\/le-test-de-lhorloge\/\" rel=\"\">R\u00e9sultats<\/a><\/div>\n<\/div>\n\n\n\n<h4 class=\"wp-block-heading\">Mini Mental State Examination (M.M.S.E)<\/h4>\n\n\n\n<p>Le<a href=\"http:\/\/www.medecine.ups-tlse.fr\/dcem4\/module11\/chamontin\/2010_2011\/169\/MMS.pdf\"> M.M.S.E<\/a> est utilis\u00e9 pour se faire une id\u00e9e rapide de l&rsquo;\u00e9tat mental du patient. Ma m\u00e8re le subit tous les six mois, lorsque nous nous rendons au centre de la m\u00e9moire. J&rsquo;ai d\u00e9cid\u00e9 de le lui faire passer de temps en temps \u00e0 la maison pour documenter l&rsquo;\u00e9volution de sa maladie.<\/p>\n\n\n\n<div class=\"wp-block-buttons is-layout-flex wp-block-buttons-is-layout-flex\">\n<div class=\"wp-block-button\"><a class=\"wp-block-button__link has-background has-vivid-green-cyan-background-color\">R\u00e9sultats<\/a><\/div>\n<\/div>\n\n\n\n<h4 class=\"wp-block-heading\">Test de fluence verbale (inspir\u00e9 de l&rsquo;\u00e9preuve de Cardebat)<\/h4>\n\n\n\n<p>Le patient a une minute pour donner tous les mots lui passant par la t\u00eate et commencant par la lettre \u00ab\u00a0F\u00a0\u00bb.<\/p>\n\n\n\n<div class=\"wp-block-buttons is-layout-flex wp-block-buttons-is-layout-flex\">\n<div class=\"wp-block-button\"><a class=\"wp-block-button__link has-background has-vivid-green-cyan-background-color\" href=\"https:\/\/soigneralzheimer.com\/le-test-de-la-fluence-verbale\/\">R\u00e9sultats<\/a><\/div>\n<\/div>\n\n\n\n<h4 class=\"wp-block-heading\">Test de l&rsquo;alternance conceptuelle<\/h4>\n\n\n\n<p>Le patient doit relier des chiffres et des lettres en alternant.<\/p>\n\n\n\n<div class=\"wp-block-buttons is-layout-flex wp-block-buttons-is-layout-flex\">\n<div class=\"wp-block-button\"><a class=\"wp-block-button__link has-background has-vivid-green-cyan-background-color\" href=\"https:\/\/soigneralzheimer.com\/le-test-de-lalternance-conceptuelle\/\">R\u00e9sultats<\/a><\/div>\n<\/div>\n","protected":false},"excerpt":{"rendered":"<p>Introduction A partir du moment o\u00f9 nous avons commenc\u00e9 notre r\u00e9gime de fa\u00e7on s\u00e9rieuse, j&rsquo;ai eu rapidement l&rsquo;impression que l&rsquo;\u00e9tat de ma maman s&rsquo;am\u00e9liorait. Etait-ce objectif ou uniquement une douce illusion? Pour le savoir, je voulais avoir des tests me permettant d&rsquo;\u00e9valuer l&rsquo;avanc\u00e9e de la maladie de mani\u00e8re objective. Je pr\u00e9sente ces tests ici ainsi [&hellip;]<\/p>\n","protected":false},"author":2,"featured_media":0,"parent":0,"menu_order":0,"comment_status":"closed","ping_status":"closed","template":"","meta":{"_mo_disable_npp":"","om_disable_all_campaigns":false,"_monsterinsights_skip_tracking":false,"_monsterinsights_sitenote_active":false,"_monsterinsights_sitenote_note":"","_monsterinsights_sitenote_category":0,"_uf_show_specific_survey":0,"_uf_disable_surveys":false,"ocean_post_layout":"","ocean_both_sidebars_style":"","ocean_both_sidebars_content_width":0,"ocean_both_sidebars_sidebars_width":0,"ocean_sidebar":"0","ocean_second_sidebar":"0","ocean_disable_margins":"enable","ocean_add_body_class":"","ocean_shortcode_before_top_bar":"","ocean_shortcode_after_top_bar":"","ocean_shortcode_before_header":"","ocean_shortcode_after_header":"","ocean_has_shortcode":"","ocean_shortcode_after_title":"","ocean_shortcode_before_footer_widgets":"","ocean_shortcode_after_footer_widgets":"","ocean_shortcode_before_footer_bottom":"","ocean_shortcode_after_footer_bottom":"","ocean_display_top_bar":"default","ocean_display_header":"default","ocean_header_style":"","ocean_center_header_left_menu":"0","ocean_custom_header_template":"0","ocean_custom_logo":0,"ocean_custom_retina_logo":0,"ocean_custom_logo_max_width":0,"ocean_custom_logo_tablet_max_width":0,"ocean_custom_logo_mobile_max_width":0,"ocean_custom_logo_max_height":0,"ocean_custom_logo_tablet_max_height":0,"ocean_custom_logo_mobile_max_height":0,"ocean_header_custom_menu":"0","ocean_menu_typo_font_family":"0","ocean_menu_typo_font_subset":"","ocean_menu_typo_font_size":0,"ocean_menu_typo_font_size_tablet":0,"ocean_menu_typo_font_size_mobile":0,"ocean_menu_typo_font_size_unit":"px","ocean_menu_typo_font_weight":"","ocean_menu_typo_font_weight_tablet":"","ocean_menu_typo_font_weight_mobile":"","ocean_menu_typo_transform":"","ocean_menu_typo_transform_tablet":"","ocean_menu_typo_transform_mobile":"","ocean_menu_typo_line_height":0,"ocean_menu_typo_line_height_tablet":0,"ocean_menu_typo_line_height_mobile":0,"ocean_menu_typo_line_height_unit":"","ocean_menu_typo_spacing":0,"ocean_menu_typo_spacing_tablet":0,"ocean_menu_typo_spacing_mobile":0,"ocean_menu_typo_spacing_unit":"","ocean_menu_link_color":"","ocean_menu_link_color_hover":"","ocean_menu_link_color_active":"","ocean_menu_link_background":"","ocean_menu_link_hover_background":"","ocean_menu_link_active_background":"","ocean_menu_social_links_bg":"","ocean_menu_social_hover_links_bg":"","ocean_menu_social_links_color":"","ocean_menu_social_hover_links_color":"","ocean_disable_title":"default","ocean_disable_heading":"default","ocean_post_title":"","ocean_post_subheading":"","ocean_post_title_style":"","ocean_post_title_background_color":"","ocean_post_title_background":0,"ocean_post_title_bg_image_position":"","ocean_post_title_bg_image_attachment":"","ocean_post_title_bg_image_repeat":"","ocean_post_title_bg_image_size":"","ocean_post_title_height":0,"ocean_post_title_bg_overlay":0.5,"ocean_post_title_bg_overlay_color":"","ocean_disable_breadcrumbs":"default","ocean_breadcrumbs_color":"","ocean_breadcrumbs_separator_color":"","ocean_breadcrumbs_links_color":"","ocean_breadcrumbs_links_hover_color":"","ocean_display_footer_widgets":"default","ocean_display_footer_bottom":"default","ocean_custom_footer_template":"0","footnotes":""},"class_list":["post-85","page","type-page","status-publish","hentry","entry"],"aioseo_notices":[],"jetpack_sharing_enabled":true,"_links":{"self":[{"href":"https:\/\/soigneralzheimer.com\/fr\/wp-json\/wp\/v2\/pages\/85","targetHints":{"allow":["GET"]}}],"collection":[{"href":"https:\/\/soigneralzheimer.com\/fr\/wp-json\/wp\/v2\/pages"}],"about":[{"href":"https:\/\/soigneralzheimer.com\/fr\/wp-json\/wp\/v2\/types\/page"}],"author":[{"embeddable":true,"href":"https:\/\/soigneralzheimer.com\/fr\/wp-json\/wp\/v2\/users\/2"}],"replies":[{"embeddable":true,"href":"https:\/\/soigneralzheimer.com\/fr\/wp-json\/wp\/v2\/comments?post=85"}],"version-history":[{"count":5,"href":"https:\/\/soigneralzheimer.com\/fr\/wp-json\/wp\/v2\/pages\/85\/revisions"}],"predecessor-version":[{"id":277,"href":"https:\/\/soigneralzheimer.com\/fr\/wp-json\/wp\/v2\/pages\/85\/revisions\/277"}],"wp:attachment":[{"href":"https:\/\/soigneralzheimer.com\/fr\/wp-json\/wp\/v2\/media?parent=85"}],"curies":[{"name":"wp","href":"https:\/\/api.w.org\/{rel}","templated":true}]}}