{"id":2665,"date":"2022-07-14T17:38:29","date_gmt":"2022-07-14T15:38:29","guid":{"rendered":"https:\/\/soigneralzheimer.com\/?page_id=2665"},"modified":"2022-09-04T07:11:41","modified_gmt":"2022-09-04T05:11:41","slug":"frauentaubling","status":"publish","type":"page","link":"https:\/\/soigneralzheimer.com\/fr\/frauentaubling\/","title":{"rendered":"Frauent\u00e4ubling"},"content":{"rendered":"\n<p>Der Hut ist oft mehrfarbig: violet und\/oder gr\u00fcn und\/oder gelb, meistens eher dunkel.<\/p>\n\n\n\n<figure class=\"wp-block-image size-large\"><img data-recalc-dims=\"1\" fetchpriority=\"high\" decoding=\"async\" width=\"1024\" height=\"768\" src=\"https:\/\/i0.wp.com\/soigneralzheimer.com\/wp-content\/uploads\/2022\/07\/20220714_172856.jpg?resize=1024%2C768&#038;ssl=1\" alt=\"\" class=\"wp-image-2666\" srcset=\"https:\/\/i0.wp.com\/soigneralzheimer.com\/wp-content\/uploads\/2022\/07\/20220714_172856.jpg?resize=1024%2C768&amp;ssl=1 1024w, https:\/\/i0.wp.com\/soigneralzheimer.com\/wp-content\/uploads\/2022\/07\/20220714_172856.jpg?resize=300%2C225&amp;ssl=1 300w, https:\/\/i0.wp.com\/soigneralzheimer.com\/wp-content\/uploads\/2022\/07\/20220714_172856.jpg?resize=768%2C576&amp;ssl=1 768w, https:\/\/i0.wp.com\/soigneralzheimer.com\/wp-content\/uploads\/2022\/07\/20220714_172856.jpg?resize=16%2C12&amp;ssl=1 16w, https:\/\/i0.wp.com\/soigneralzheimer.com\/wp-content\/uploads\/2022\/07\/20220714_172856.jpg?w=1168&amp;ssl=1 1168w\" sizes=\"(max-width: 1024px) 100vw, 1024px\" \/><\/figure>\n\n\n\n<p>Der Fleisch ist wie bei allen T\u00e4ublingen spr\u00f6de. Die Lamellen sind aber biegsam und schmiegen sich aneinander, wenn man sie ber\u00fchrt. Der Stiel, die Lamellen und der Sporenpulver sind wei\u00df.<\/p>\n\n\n\n<h2 class=\"wp-block-heading\">Einige Exemplare <\/h2>\n\n\n\n<figure class=\"wp-block-gallery has-nested-images columns-default is-cropped wp-block-gallery-1 is-layout-flex wp-block-gallery-is-layout-flex\">\n<figure class=\"wp-block-image size-large\"><img data-recalc-dims=\"1\" decoding=\"async\" width=\"1024\" height=\"768\" data-id=\"2734\" src=\"https:\/\/i0.wp.com\/soigneralzheimer.com\/wp-content\/uploads\/2022\/07\/20220727_190756.jpg?resize=1024%2C768&#038;ssl=1\" alt=\"\" class=\"wp-image-2734\" srcset=\"https:\/\/i0.wp.com\/soigneralzheimer.com\/wp-content\/uploads\/2022\/07\/20220727_190756.jpg?resize=1024%2C768&amp;ssl=1 1024w, https:\/\/i0.wp.com\/soigneralzheimer.com\/wp-content\/uploads\/2022\/07\/20220727_190756.jpg?resize=300%2C225&amp;ssl=1 300w, https:\/\/i0.wp.com\/soigneralzheimer.com\/wp-content\/uploads\/2022\/07\/20220727_190756.jpg?resize=768%2C576&amp;ssl=1 768w, https:\/\/i0.wp.com\/soigneralzheimer.com\/wp-content\/uploads\/2022\/07\/20220727_190756.jpg?resize=1536%2C1152&amp;ssl=1 1536w, https:\/\/i0.wp.com\/soigneralzheimer.com\/wp-content\/uploads\/2022\/07\/20220727_190756.jpg?resize=16%2C12&amp;ssl=1 16w, https:\/\/i0.wp.com\/soigneralzheimer.com\/wp-content\/uploads\/2022\/07\/20220727_190756.jpg?w=1843&amp;ssl=1 1843w\" sizes=\"(max-width: 1024px) 100vw, 1024px\" \/><figcaption>27.7.2022<\/figcaption><\/figure>\n\n\n\n<figure class=\"wp-block-image size-large\"><img data-recalc-dims=\"1\" decoding=\"async\" width=\"1017\" height=\"1024\" data-id=\"2731\" src=\"https:\/\/i0.wp.com\/soigneralzheimer.com\/wp-content\/uploads\/2022\/07\/20220727_190738.jpg?resize=1017%2C1024&#038;ssl=1\" alt=\"\" class=\"wp-image-2731\" srcset=\"https:\/\/i0.wp.com\/soigneralzheimer.com\/wp-content\/uploads\/2022\/07\/20220727_190738.jpg?resize=1017%2C1024&amp;ssl=1 1017w, https:\/\/i0.wp.com\/soigneralzheimer.com\/wp-content\/uploads\/2022\/07\/20220727_190738.jpg?resize=298%2C300&amp;ssl=1 298w, https:\/\/i0.wp.com\/soigneralzheimer.com\/wp-content\/uploads\/2022\/07\/20220727_190738.jpg?resize=150%2C150&amp;ssl=1 150w, https:\/\/i0.wp.com\/soigneralzheimer.com\/wp-content\/uploads\/2022\/07\/20220727_190738.jpg?resize=768%2C774&amp;ssl=1 768w, https:\/\/i0.wp.com\/soigneralzheimer.com\/wp-content\/uploads\/2022\/07\/20220727_190738.jpg?resize=12%2C12&amp;ssl=1 12w, https:\/\/i0.wp.com\/soigneralzheimer.com\/wp-content\/uploads\/2022\/07\/20220727_190738.jpg?w=1220&amp;ssl=1 1220w\" sizes=\"(max-width: 1017px) 100vw, 1017px\" \/><figcaption>27.7.2022<\/figcaption><\/figure>\n\n\n\n<figure class=\"wp-block-image size-large\"><img data-recalc-dims=\"1\" loading=\"lazy\" decoding=\"async\" width=\"1024\" height=\"1024\" data-id=\"2733\" src=\"https:\/\/i0.wp.com\/soigneralzheimer.com\/wp-content\/uploads\/2022\/07\/20220727_190705.jpg?resize=1024%2C1024&#038;ssl=1\" alt=\"\" class=\"wp-image-2733\" srcset=\"https:\/\/i0.wp.com\/soigneralzheimer.com\/wp-content\/uploads\/2022\/07\/20220727_190705.jpg?resize=1024%2C1024&amp;ssl=1 1024w, https:\/\/i0.wp.com\/soigneralzheimer.com\/wp-content\/uploads\/2022\/07\/20220727_190705.jpg?resize=300%2C300&amp;ssl=1 300w, https:\/\/i0.wp.com\/soigneralzheimer.com\/wp-content\/uploads\/2022\/07\/20220727_190705.jpg?resize=150%2C150&amp;ssl=1 150w, https:\/\/i0.wp.com\/soigneralzheimer.com\/wp-content\/uploads\/2022\/07\/20220727_190705.jpg?resize=768%2C768&amp;ssl=1 768w, https:\/\/i0.wp.com\/soigneralzheimer.com\/wp-content\/uploads\/2022\/07\/20220727_190705.jpg?resize=12%2C12&amp;ssl=1 12w, https:\/\/i0.wp.com\/soigneralzheimer.com\/wp-content\/uploads\/2022\/07\/20220727_190705.jpg?resize=600%2C600&amp;ssl=1 600w, https:\/\/i0.wp.com\/soigneralzheimer.com\/wp-content\/uploads\/2022\/07\/20220727_190705.jpg?w=1382&amp;ssl=1 1382w\" sizes=\"(max-width: 1024px) 100vw, 1024px\" \/><figcaption>27.7.2022<\/figcaption><\/figure>\n\n\n\n<figure class=\"wp-block-image size-large\"><img data-recalc-dims=\"1\" loading=\"lazy\" decoding=\"async\" width=\"1024\" height=\"1024\" data-id=\"2730\" src=\"https:\/\/i0.wp.com\/soigneralzheimer.com\/wp-content\/uploads\/2022\/07\/20220727_190650.jpg?resize=1024%2C1024&#038;ssl=1\" alt=\"\" class=\"wp-image-2730\" srcset=\"https:\/\/i0.wp.com\/soigneralzheimer.com\/wp-content\/uploads\/2022\/07\/20220727_190650.jpg?resize=1024%2C1024&amp;ssl=1 1024w, https:\/\/i0.wp.com\/soigneralzheimer.com\/wp-content\/uploads\/2022\/07\/20220727_190650.jpg?resize=300%2C300&amp;ssl=1 300w, https:\/\/i0.wp.com\/soigneralzheimer.com\/wp-content\/uploads\/2022\/07\/20220727_190650.jpg?resize=150%2C150&amp;ssl=1 150w, https:\/\/i0.wp.com\/soigneralzheimer.com\/wp-content\/uploads\/2022\/07\/20220727_190650.jpg?resize=768%2C768&amp;ssl=1 768w, https:\/\/i0.wp.com\/soigneralzheimer.com\/wp-content\/uploads\/2022\/07\/20220727_190650.jpg?resize=12%2C12&amp;ssl=1 12w, https:\/\/i0.wp.com\/soigneralzheimer.com\/wp-content\/uploads\/2022\/07\/20220727_190650.jpg?resize=600%2C600&amp;ssl=1 600w, https:\/\/i0.wp.com\/soigneralzheimer.com\/wp-content\/uploads\/2022\/07\/20220727_190650.jpg?w=1382&amp;ssl=1 1382w\" sizes=\"(max-width: 1024px) 100vw, 1024px\" \/><figcaption>27.7.2022<\/figcaption><\/figure>\n\n\n\n<figure class=\"wp-block-image size-large\"><img data-recalc-dims=\"1\" loading=\"lazy\" decoding=\"async\" width=\"1024\" height=\"1024\" data-id=\"2732\" src=\"https:\/\/i0.wp.com\/soigneralzheimer.com\/wp-content\/uploads\/2022\/07\/20220727_190631.jpg?resize=1024%2C1024&#038;ssl=1\" alt=\"\" class=\"wp-image-2732\" srcset=\"https:\/\/i0.wp.com\/soigneralzheimer.com\/wp-content\/uploads\/2022\/07\/20220727_190631.jpg?resize=1024%2C1024&amp;ssl=1 1024w, https:\/\/i0.wp.com\/soigneralzheimer.com\/wp-content\/uploads\/2022\/07\/20220727_190631.jpg?resize=300%2C300&amp;ssl=1 300w, https:\/\/i0.wp.com\/soigneralzheimer.com\/wp-content\/uploads\/2022\/07\/20220727_190631.jpg?resize=150%2C150&amp;ssl=1 150w, https:\/\/i0.wp.com\/soigneralzheimer.com\/wp-content\/uploads\/2022\/07\/20220727_190631.jpg?resize=768%2C768&amp;ssl=1 768w, https:\/\/i0.wp.com\/soigneralzheimer.com\/wp-content\/uploads\/2022\/07\/20220727_190631.jpg?resize=12%2C12&amp;ssl=1 12w, https:\/\/i0.wp.com\/soigneralzheimer.com\/wp-content\/uploads\/2022\/07\/20220727_190631.jpg?resize=600%2C600&amp;ssl=1 600w, https:\/\/i0.wp.com\/soigneralzheimer.com\/wp-content\/uploads\/2022\/07\/20220727_190631.jpg?w=1284&amp;ssl=1 1284w\" sizes=\"(max-width: 1024px) 100vw, 1024px\" \/><figcaption>27.7.2022<\/figcaption><\/figure>\n\n\n\n<figure class=\"wp-block-image size-large\"><img data-recalc-dims=\"1\" loading=\"lazy\" decoding=\"async\" width=\"1024\" height=\"1024\" data-id=\"2927\" src=\"https:\/\/i0.wp.com\/soigneralzheimer.com\/wp-content\/uploads\/2022\/09\/20220904_070851.jpg?resize=1024%2C1024&#038;ssl=1\" alt=\"\" class=\"wp-image-2927\" srcset=\"https:\/\/i0.wp.com\/soigneralzheimer.com\/wp-content\/uploads\/2022\/09\/20220904_070851.jpg?resize=1024%2C1024&amp;ssl=1 1024w, https:\/\/i0.wp.com\/soigneralzheimer.com\/wp-content\/uploads\/2022\/09\/20220904_070851.jpg?resize=300%2C300&amp;ssl=1 300w, https:\/\/i0.wp.com\/soigneralzheimer.com\/wp-content\/uploads\/2022\/09\/20220904_070851.jpg?resize=150%2C150&amp;ssl=1 150w, https:\/\/i0.wp.com\/soigneralzheimer.com\/wp-content\/uploads\/2022\/09\/20220904_070851.jpg?resize=768%2C768&amp;ssl=1 768w, https:\/\/i0.wp.com\/soigneralzheimer.com\/wp-content\/uploads\/2022\/09\/20220904_070851.jpg?resize=12%2C12&amp;ssl=1 12w, https:\/\/i0.wp.com\/soigneralzheimer.com\/wp-content\/uploads\/2022\/09\/20220904_070851.jpg?resize=600%2C600&amp;ssl=1 600w, https:\/\/i0.wp.com\/soigneralzheimer.com\/wp-content\/uploads\/2022\/09\/20220904_070851.jpg?w=1382&amp;ssl=1 1382w\" sizes=\"(max-width: 1024px) 100vw, 1024px\" \/><figcaption>3.9.2022<\/figcaption><\/figure>\n<\/figure>\n","protected":false},"excerpt":{"rendered":"<p>Der Hut ist oft mehrfarbig: violet und\/oder gr\u00fcn und\/oder gelb, meistens eher dunkel. Der Fleisch ist wie bei allen T\u00e4ublingen spr\u00f6de. Die Lamellen sind aber biegsam und schmiegen sich aneinander, wenn man sie ber\u00fchrt. Der Stiel, die Lamellen und der Sporenpulver sind wei\u00df. Einige Exemplare<\/p>\n","protected":false},"author":2,"featured_media":0,"parent":0,"menu_order":0,"comment_status":"closed","ping_status":"closed","template":"","meta":{"_mo_disable_npp":"","om_disable_all_campaigns":false,"_monsterinsights_skip_tracking":false,"_monsterinsights_sitenote_active":false,"_monsterinsights_sitenote_note":"","_monsterinsights_sitenote_category":0,"_uf_show_specific_survey":0,"_uf_disable_surveys":false,"ocean_post_layout":"","ocean_both_sidebars_style":"","ocean_both_sidebars_content_width":0,"ocean_both_sidebars_sidebars_width":0,"ocean_sidebar":"0","ocean_second_sidebar":"0","ocean_disable_margins":"enable","ocean_add_body_class":"","ocean_shortcode_before_top_bar":"","ocean_shortcode_after_top_bar":"","ocean_shortcode_before_header":"","ocean_shortcode_after_header":"","ocean_has_shortcode":"","ocean_shortcode_after_title":"","ocean_shortcode_before_footer_widgets":"","ocean_shortcode_after_footer_widgets":"","ocean_shortcode_before_footer_bottom":"","ocean_shortcode_after_footer_bottom":"","ocean_display_top_bar":"default","ocean_display_header":"default","ocean_header_style":"","ocean_center_header_left_menu":"0","ocean_custom_header_template":"0","ocean_custom_logo":0,"ocean_custom_retina_logo":0,"ocean_custom_logo_max_width":0,"ocean_custom_logo_tablet_max_width":0,"ocean_custom_logo_mobile_max_width":0,"ocean_custom_logo_max_height":0,"ocean_custom_logo_tablet_max_height":0,"ocean_custom_logo_mobile_max_height":0,"ocean_header_custom_menu":"0","ocean_menu_typo_font_family":"0","ocean_menu_typo_font_subset":"","ocean_menu_typo_font_size":0,"ocean_menu_typo_font_size_tablet":0,"ocean_menu_typo_font_size_mobile":0,"ocean_menu_typo_font_size_unit":"px","ocean_menu_typo_font_weight":"","ocean_menu_typo_font_weight_tablet":"","ocean_menu_typo_font_weight_mobile":"","ocean_menu_typo_transform":"","ocean_menu_typo_transform_tablet":"","ocean_menu_typo_transform_mobile":"","ocean_menu_typo_line_height":0,"ocean_menu_typo_line_height_tablet":0,"ocean_menu_typo_line_height_mobile":0,"ocean_menu_typo_line_height_unit":"","ocean_menu_typo_spacing":0,"ocean_menu_typo_spacing_tablet":0,"ocean_menu_typo_spacing_mobile":0,"ocean_menu_typo_spacing_unit":"","ocean_menu_link_color":"","ocean_menu_link_color_hover":"","ocean_menu_link_color_active":"","ocean_menu_link_background":"","ocean_menu_link_hover_background":"","ocean_menu_link_active_background":"","ocean_menu_social_links_bg":"","ocean_menu_social_hover_links_bg":"","ocean_menu_social_links_color":"","ocean_menu_social_hover_links_color":"","ocean_disable_title":"default","ocean_disable_heading":"default","ocean_post_title":"","ocean_post_subheading":"","ocean_post_title_style":"","ocean_post_title_background_color":"","ocean_post_title_background":0,"ocean_post_title_bg_image_position":"","ocean_post_title_bg_image_attachment":"","ocean_post_title_bg_image_repeat":"","ocean_post_title_bg_image_size":"","ocean_post_title_height":0,"ocean_post_title_bg_overlay":0.5,"ocean_post_title_bg_overlay_color":"","ocean_disable_breadcrumbs":"default","ocean_breadcrumbs_color":"","ocean_breadcrumbs_separator_color":"","ocean_breadcrumbs_links_color":"","ocean_breadcrumbs_links_hover_color":"","ocean_display_footer_widgets":"default","ocean_display_footer_bottom":"default","ocean_custom_footer_template":"0","footnotes":""},"class_list":["post-2665","page","type-page","status-publish","hentry","entry"],"aioseo_notices":[],"jetpack_sharing_enabled":true,"_links":{"self":[{"href":"https:\/\/soigneralzheimer.com\/fr\/wp-json\/wp\/v2\/pages\/2665","targetHints":{"allow":["GET"]}}],"collection":[{"href":"https:\/\/soigneralzheimer.com\/fr\/wp-json\/wp\/v2\/pages"}],"about":[{"href":"https:\/\/soigneralzheimer.com\/fr\/wp-json\/wp\/v2\/types\/page"}],"author":[{"embeddable":true,"href":"https:\/\/soigneralzheimer.com\/fr\/wp-json\/wp\/v2\/users\/2"}],"replies":[{"embeddable":true,"href":"https:\/\/soigneralzheimer.com\/fr\/wp-json\/wp\/v2\/comments?post=2665"}],"version-history":[{"count":3,"href":"https:\/\/soigneralzheimer.com\/fr\/wp-json\/wp\/v2\/pages\/2665\/revisions"}],"predecessor-version":[{"id":2928,"href":"https:\/\/soigneralzheimer.com\/fr\/wp-json\/wp\/v2\/pages\/2665\/revisions\/2928"}],"wp:attachment":[{"href":"https:\/\/soigneralzheimer.com\/fr\/wp-json\/wp\/v2\/media?parent=2665"}],"curies":[{"name":"wp","href":"https:\/\/api.w.org\/{rel}","templated":true}]}}