{"id":100,"date":"2020-05-17T17:09:12","date_gmt":"2020-05-17T15:09:12","guid":{"rendered":"https:\/\/soigneralzheimer.com\/?page_id=100"},"modified":"2020-08-25T16:25:15","modified_gmt":"2020-08-25T14:25:15","slug":"le-test-de-lhorloge","status":"publish","type":"page","link":"https:\/\/soigneralzheimer.com\/fr\/le-test-de-lhorloge\/","title":{"rendered":"Le test de l&rsquo;horloge"},"content":{"rendered":"\n<p>Voici les r\u00e9sultats:<\/p>\n\n\n\n<figure class=\"wp-block-image size-large is-resized\"><img fetchpriority=\"high\" decoding=\"async\" src=\"https:\/\/i0.wp.com\/soigneralzheimer.com\/wp-content\/uploads\/2020\/05\/20200426_horloge_small-1.jpg?fit=849%2C1024&amp;ssl=1\" alt=\"\" class=\"wp-image-117\" width=\"359\" height=\"432\" srcset=\"https:\/\/i0.wp.com\/soigneralzheimer.com\/wp-content\/uploads\/2020\/05\/20200426_horloge_small-1.jpg?w=1287&amp;ssl=1 1287w, https:\/\/i0.wp.com\/soigneralzheimer.com\/wp-content\/uploads\/2020\/05\/20200426_horloge_small-1.jpg?resize=249%2C300&amp;ssl=1 249w, https:\/\/i0.wp.com\/soigneralzheimer.com\/wp-content\/uploads\/2020\/05\/20200426_horloge_small-1.jpg?resize=849%2C1024&amp;ssl=1 849w, https:\/\/i0.wp.com\/soigneralzheimer.com\/wp-content\/uploads\/2020\/05\/20200426_horloge_small-1.jpg?resize=768%2C927&amp;ssl=1 768w, https:\/\/i0.wp.com\/soigneralzheimer.com\/wp-content\/uploads\/2020\/05\/20200426_horloge_small-1.jpg?resize=1273%2C1536&amp;ssl=1 1273w\" sizes=\"(max-width: 359px) 100vw, 359px\" \/><figcaption>26 avril 2020<\/figcaption><\/figure>\n\n\n\n<figure class=\"wp-block-image size-large is-resized\"><img decoding=\"async\" src=\"https:\/\/i1.wp.com\/soigneralzheimer.com\/wp-content\/uploads\/2020\/05\/20200514_horloge_small-2.jpg?fit=816%2C1024&amp;ssl=1\" alt=\"\" class=\"wp-image-118\" width=\"359\" height=\"449\" srcset=\"https:\/\/i0.wp.com\/soigneralzheimer.com\/wp-content\/uploads\/2020\/05\/20200514_horloge_small-2.jpg?resize=239%2C300&amp;ssl=1 239w, https:\/\/i0.wp.com\/soigneralzheimer.com\/wp-content\/uploads\/2020\/05\/20200514_horloge_small-2.jpg?zoom=2&amp;resize=359%2C449&amp;ssl=1 718w, https:\/\/i0.wp.com\/soigneralzheimer.com\/wp-content\/uploads\/2020\/05\/20200514_horloge_small-2.jpg?zoom=3&amp;resize=359%2C449&amp;ssl=1 1077w\" sizes=\"(max-width: 359px) 100vw, 359px\" \/><figcaption>14 mai 2020<\/figcaption><\/figure>\n\n\n\n<figure class=\"wp-block-image size-large is-resized\"><img data-recalc-dims=\"1\" decoding=\"async\" src=\"https:\/\/i0.wp.com\/soigneralzheimer.com\/wp-content\/uploads\/2020\/08\/20200821_084924_small.jpg?resize=357%2C428&#038;ssl=1\" alt=\"\" class=\"wp-image-713\" width=\"357\" height=\"428\" srcset=\"https:\/\/i0.wp.com\/soigneralzheimer.com\/wp-content\/uploads\/2020\/08\/20200821_084924_small.jpg?resize=852%2C1024&amp;ssl=1 852w, https:\/\/i0.wp.com\/soigneralzheimer.com\/wp-content\/uploads\/2020\/08\/20200821_084924_small.jpg?resize=249%2C300&amp;ssl=1 249w, https:\/\/i0.wp.com\/soigneralzheimer.com\/wp-content\/uploads\/2020\/08\/20200821_084924_small.jpg?resize=1277%2C1536&amp;ssl=1 1277w, https:\/\/i0.wp.com\/soigneralzheimer.com\/wp-content\/uploads\/2020\/08\/20200821_084924_small.jpg?w=1289&amp;ssl=1 1289w\" sizes=\"(max-width: 357px) 100vw, 357px\" \/><figcaption>21.08.2020: Ma maman traduit \u00ab\u00a0onze heures moins dix\u00a0\u00bb par 10h40, r\u00e9fl\u00e9chit encore puis dessine l&rsquo;aiguille sur le dix, puis l&rsquo;aiguille des heures apr\u00e8s beaucoup d&rsquo;h\u00e9sitation.<\/figcaption><\/figure>\n\n\n\n<figure class=\"wp-block-image size-large is-resized\"><img data-recalc-dims=\"1\" loading=\"lazy\" decoding=\"async\" src=\"https:\/\/i0.wp.com\/soigneralzheimer.com\/wp-content\/uploads\/2020\/08\/20200824_horloge_small.jpg?resize=368%2C409&#038;ssl=1\" alt=\"\" class=\"wp-image-724\" width=\"368\" height=\"409\" srcset=\"https:\/\/i0.wp.com\/soigneralzheimer.com\/wp-content\/uploads\/2020\/08\/20200824_horloge_small.jpg?resize=920%2C1024&amp;ssl=1 920w, https:\/\/i0.wp.com\/soigneralzheimer.com\/wp-content\/uploads\/2020\/08\/20200824_horloge_small.jpg?resize=269%2C300&amp;ssl=1 269w, https:\/\/i0.wp.com\/soigneralzheimer.com\/wp-content\/uploads\/2020\/08\/20200824_horloge_small.jpg?resize=768%2C855&amp;ssl=1 768w, https:\/\/i0.wp.com\/soigneralzheimer.com\/wp-content\/uploads\/2020\/08\/20200824_horloge_small.jpg?w=1340&amp;ssl=1 1340w\" sizes=\"(max-width: 368px) 100vw, 368px\" \/><figcaption>24.08.2020<\/figcaption><\/figure>\n","protected":false},"excerpt":{"rendered":"<p>Voici les r\u00e9sultats:<\/p>\n","protected":false},"author":2,"featured_media":0,"parent":0,"menu_order":0,"comment_status":"closed","ping_status":"closed","template":"","meta":{"_mo_disable_npp":"","om_disable_all_campaigns":false,"_monsterinsights_skip_tracking":false,"_monsterinsights_sitenote_active":false,"_monsterinsights_sitenote_note":"","_monsterinsights_sitenote_category":0,"_uf_show_specific_survey":0,"_uf_disable_surveys":false,"ocean_post_layout":"","ocean_both_sidebars_style":"","ocean_both_sidebars_content_width":0,"ocean_both_sidebars_sidebars_width":0,"ocean_sidebar":"0","ocean_second_sidebar":"0","ocean_disable_margins":"enable","ocean_add_body_class":"","ocean_shortcode_before_top_bar":"","ocean_shortcode_after_top_bar":"","ocean_shortcode_before_header":"","ocean_shortcode_after_header":"","ocean_has_shortcode":"","ocean_shortcode_after_title":"","ocean_shortcode_before_footer_widgets":"","ocean_shortcode_after_footer_widgets":"","ocean_shortcode_before_footer_bottom":"","ocean_shortcode_after_footer_bottom":"","ocean_display_top_bar":"default","ocean_display_header":"default","ocean_header_style":"","ocean_center_header_left_menu":"0","ocean_custom_header_template":"0","ocean_custom_logo":0,"ocean_custom_retina_logo":0,"ocean_custom_logo_max_width":0,"ocean_custom_logo_tablet_max_width":0,"ocean_custom_logo_mobile_max_width":0,"ocean_custom_logo_max_height":0,"ocean_custom_logo_tablet_max_height":0,"ocean_custom_logo_mobile_max_height":0,"ocean_header_custom_menu":"0","ocean_menu_typo_font_family":"0","ocean_menu_typo_font_subset":"","ocean_menu_typo_font_size":0,"ocean_menu_typo_font_size_tablet":0,"ocean_menu_typo_font_size_mobile":0,"ocean_menu_typo_font_size_unit":"px","ocean_menu_typo_font_weight":"","ocean_menu_typo_font_weight_tablet":"","ocean_menu_typo_font_weight_mobile":"","ocean_menu_typo_transform":"","ocean_menu_typo_transform_tablet":"","ocean_menu_typo_transform_mobile":"","ocean_menu_typo_line_height":0,"ocean_menu_typo_line_height_tablet":0,"ocean_menu_typo_line_height_mobile":0,"ocean_menu_typo_line_height_unit":"","ocean_menu_typo_spacing":0,"ocean_menu_typo_spacing_tablet":0,"ocean_menu_typo_spacing_mobile":0,"ocean_menu_typo_spacing_unit":"","ocean_menu_link_color":"","ocean_menu_link_color_hover":"","ocean_menu_link_color_active":"","ocean_menu_link_background":"","ocean_menu_link_hover_background":"","ocean_menu_link_active_background":"","ocean_menu_social_links_bg":"","ocean_menu_social_hover_links_bg":"","ocean_menu_social_links_color":"","ocean_menu_social_hover_links_color":"","ocean_disable_title":"default","ocean_disable_heading":"default","ocean_post_title":"","ocean_post_subheading":"","ocean_post_title_style":"","ocean_post_title_background_color":"","ocean_post_title_background":0,"ocean_post_title_bg_image_position":"","ocean_post_title_bg_image_attachment":"","ocean_post_title_bg_image_repeat":"","ocean_post_title_bg_image_size":"","ocean_post_title_height":0,"ocean_post_title_bg_overlay":0.5,"ocean_post_title_bg_overlay_color":"","ocean_disable_breadcrumbs":"default","ocean_breadcrumbs_color":"","ocean_breadcrumbs_separator_color":"","ocean_breadcrumbs_links_color":"","ocean_breadcrumbs_links_hover_color":"","ocean_display_footer_widgets":"default","ocean_display_footer_bottom":"default","ocean_custom_footer_template":"0","footnotes":""},"class_list":["post-100","page","type-page","status-publish","hentry","entry"],"aioseo_notices":[],"jetpack_sharing_enabled":true,"_links":{"self":[{"href":"https:\/\/soigneralzheimer.com\/fr\/wp-json\/wp\/v2\/pages\/100","targetHints":{"allow":["GET"]}}],"collection":[{"href":"https:\/\/soigneralzheimer.com\/fr\/wp-json\/wp\/v2\/pages"}],"about":[{"href":"https:\/\/soigneralzheimer.com\/fr\/wp-json\/wp\/v2\/types\/page"}],"author":[{"embeddable":true,"href":"https:\/\/soigneralzheimer.com\/fr\/wp-json\/wp\/v2\/users\/2"}],"replies":[{"embeddable":true,"href":"https:\/\/soigneralzheimer.com\/fr\/wp-json\/wp\/v2\/comments?post=100"}],"version-history":[{"count":5,"href":"https:\/\/soigneralzheimer.com\/fr\/wp-json\/wp\/v2\/pages\/100\/revisions"}],"predecessor-version":[{"id":725,"href":"https:\/\/soigneralzheimer.com\/fr\/wp-json\/wp\/v2\/pages\/100\/revisions\/725"}],"wp:attachment":[{"href":"https:\/\/soigneralzheimer.com\/fr\/wp-json\/wp\/v2\/media?parent=100"}],"curies":[{"name":"wp","href":"https:\/\/api.w.org\/{rel}","templated":true}]}}