{"id":9,"date":"2020-05-16T18:22:47","date_gmt":"2020-05-16T18:22:47","guid":{"rendered":"https:\/\/soigneralzheimer.com\/?page_id=9"},"modified":"2020-06-11T10:11:34","modified_gmt":"2020-06-11T08:11:34","slug":"a-propos-de-ce-blog","status":"publish","type":"page","link":"https:\/\/soigneralzheimer.com\/de\/a-propos-de-ce-blog\/","title":{"rendered":"\u00dcber mich"},"content":{"rendered":"<p>Bonjour cher visiteur, et bienvenue sur ce blog!<\/p>\n\n\n\n<p>Depuis le printemps 2020, j&rsquo;ai l&rsquo;impression de vivre un petit miracle et j&rsquo;aimerais vous le faire partager. La sant\u00e9 de ma maman, atteinte de la maladie d&rsquo;Alzheimer et de polyarthrite rhumato\u00efde, s&rsquo;est grandement am\u00e9lior\u00e9e, suite \u00e0 un changement d&rsquo;alimentation&nbsp;! Apr\u00e8s bient\u00f4t deux mois de ce r\u00e9gime son \u00e9tat continue de s&rsquo;am\u00e9liorer. Elle a d&rsquo;abord retrouv\u00e9 l&rsquo;usage de la parole qu&rsquo;elle avait presque totalement perdu. Le test de la fluence verbale l&rsquo;a clairement montr\u00e9&nbsp;: de sept mots fin avril, elle est pass\u00e9e \u00e0 douze mots \u00e0 la mi-mai, ce qui est un r\u00e9sultat normal. Ensuite, j&rsquo;ai pu observer plein de petits changements au quotidien&nbsp;: elle pense de nouveau toute seule \u00e0 se laver les dents, elle se l\u00e8ve et s&rsquo;habille toute seule, va aux toilettes toute seule, elle sait de nouveau se servir de la cuisini\u00e8re, elle se douche toute seule. Elle n&rsquo;utilise plus sa radio comme porte-manteau mais a tent\u00e9 de l&rsquo;installer de mani\u00e8re \u00e0 pouvoir \u00e9couter des CD. Elle est capable de marcher de plus en plus longtemps sans faire de pause et sa d\u00e9marche est devenue plus souple, plus sure et moins lente.<\/p>\n\n\n\n<p>Tout a d\u00e9but\u00e9 en f\u00e9vrier 2019, lorsque ma tante m&rsquo;a recommand\u00e9 de lire un livre sur les maladies auto-immunes. Elle pensait que cela m&rsquo;aiderait \u00e0 comprendre ce qui arrivait \u00e0 ma maman. J&rsquo;ai tout de suite command\u00e9 le livre et apr\u00e8s l&rsquo;avoir lu, j&rsquo;ai d\u00e9cid\u00e9 de tenter le r\u00e9gime pr\u00e9conis\u00e9. Les r\u00e9sultats n&rsquo;ont pas tard\u00e9 \u00e0 se faire sentir\u00a0! Pas chez ma maman, mais chez moi\u00a0! Ma maman n&rsquo;avait en effet pas vraiment suivi le r\u00e9gime, parce qu&rsquo;elle avait trop d&rsquo;occasions de grignoter les aliments d\u00e9fendus. Par contre, moi j&rsquo;ai tenu et j&rsquo;ai vu ma vue s&rsquo;am\u00e9liorer, ma peau devenir moins s\u00e8che et mon ecz\u00e9ma dispara\u00eetre, entre autres choses. L&rsquo;arriv\u00e9e du confinement m&rsquo;a permis de tester le r\u00e9gime avec ma m\u00e8re et c&rsquo;est un grand succ\u00e8s!<\/p>\n\n\n\n<p>Alors, si vous ou un de vos proches est malade, ne baissez pas les bras&nbsp;! Il y a beaucoup de possibilit\u00e9s en plus des traitement propos\u00e9s par la m\u00e9decine conventionnelle&nbsp;! Et m\u00eame dans le cadre de cette m\u00e9decine, de nouvelles recherches aboutissent tous les jours, des recherches qui pourraient peut-\u00eatre vous \u00eatre utiles et dont votre m\u00e9decin n&rsquo;a peut-\u00eatre pas encore entendu parler. Vous \u00eates le sp\u00e9cialiste de votre propre corps, de votre propre sant\u00e9&nbsp;!<\/p>\n\n\n\n<p>Mon but ici est de vous laisser vivre avec nous les \u00e9tapes nous menant vers une plus grande sant\u00e9. Et quand c&rsquo;est possible, j&rsquo;essaierai de relier notre exp\u00e9rience \u00e0 des r\u00e9sultats pr\u00e9sent\u00e9s dans des journaux scientifiques.<\/p>\n\n\n\n<p>Au centre de mon approche, se trouve le microbiote. Il est maintenant scientifiquement d\u00e9montr\u00e9, que cet organe nouvellement d\u00e9couvert, joue un r\u00f4le cl\u00e9 dans le maintient et le recouvrement de la sant\u00e9. Plusieurs facteurs peuvent l&rsquo;influencer, dont l&rsquo;alimentation, qui \u00e0 mon avis est un des facteurs les plus importants.<\/p>\n\n\n\n<p>Je me r\u00e9jouis de partager notre aventure passionnante avec vous&nbsp;!<\/p>","protected":false},"excerpt":{"rendered":"<p>Bonjour cher visiteur, et bienvenue sur ce blog! Depuis le printemps 2020, j&rsquo;ai l&rsquo;impression de vivre un petit miracle et j&rsquo;aimerais vous le faire partager. La sant\u00e9 de ma maman, atteinte de la maladie d&rsquo;Alzheimer et de polyarthrite rhumato\u00efde, s&rsquo;est grandement am\u00e9lior\u00e9e, suite \u00e0 un changement d&rsquo;alimentation&nbsp;! Apr\u00e8s bient\u00f4t deux mois de ce r\u00e9gime son [&hellip;]<\/p>\n","protected":false},"author":2,"featured_media":0,"parent":0,"menu_order":0,"comment_status":"closed","ping_status":"closed","template":"","meta":{"_mo_disable_npp":"","om_disable_all_campaigns":false,"_monsterinsights_skip_tracking":false,"_monsterinsights_sitenote_active":false,"_monsterinsights_sitenote_note":"","_monsterinsights_sitenote_category":0,"_uf_show_specific_survey":0,"_uf_disable_surveys":false,"ocean_post_layout":"","ocean_both_sidebars_style":"","ocean_both_sidebars_content_width":0,"ocean_both_sidebars_sidebars_width":0,"ocean_sidebar":"0","ocean_second_sidebar":"0","ocean_disable_margins":"enable","ocean_add_body_class":"","ocean_shortcode_before_top_bar":"","ocean_shortcode_after_top_bar":"","ocean_shortcode_before_header":"","ocean_shortcode_after_header":"","ocean_has_shortcode":"","ocean_shortcode_after_title":"","ocean_shortcode_before_footer_widgets":"","ocean_shortcode_after_footer_widgets":"","ocean_shortcode_before_footer_bottom":"","ocean_shortcode_after_footer_bottom":"","ocean_display_top_bar":"default","ocean_display_header":"default","ocean_header_style":"","ocean_center_header_left_menu":"0","ocean_custom_header_template":"0","ocean_custom_logo":0,"ocean_custom_retina_logo":0,"ocean_custom_logo_max_width":0,"ocean_custom_logo_tablet_max_width":0,"ocean_custom_logo_mobile_max_width":0,"ocean_custom_logo_max_height":0,"ocean_custom_logo_tablet_max_height":0,"ocean_custom_logo_mobile_max_height":0,"ocean_header_custom_menu":"0","ocean_menu_typo_font_family":"0","ocean_menu_typo_font_subset":"","ocean_menu_typo_font_size":0,"ocean_menu_typo_font_size_tablet":0,"ocean_menu_typo_font_size_mobile":0,"ocean_menu_typo_font_size_unit":"px","ocean_menu_typo_font_weight":"","ocean_menu_typo_font_weight_tablet":"","ocean_menu_typo_font_weight_mobile":"","ocean_menu_typo_transform":"","ocean_menu_typo_transform_tablet":"","ocean_menu_typo_transform_mobile":"","ocean_menu_typo_line_height":0,"ocean_menu_typo_line_height_tablet":0,"ocean_menu_typo_line_height_mobile":0,"ocean_menu_typo_line_height_unit":"","ocean_menu_typo_spacing":0,"ocean_menu_typo_spacing_tablet":0,"ocean_menu_typo_spacing_mobile":0,"ocean_menu_typo_spacing_unit":"","ocean_menu_link_color":"","ocean_menu_link_color_hover":"","ocean_menu_link_color_active":"","ocean_menu_link_background":"","ocean_menu_link_hover_background":"","ocean_menu_link_active_background":"","ocean_menu_social_links_bg":"","ocean_menu_social_hover_links_bg":"","ocean_menu_social_links_color":"","ocean_menu_social_hover_links_color":"","ocean_disable_title":"default","ocean_disable_heading":"default","ocean_post_title":"","ocean_post_subheading":"","ocean_post_title_style":"","ocean_post_title_background_color":"","ocean_post_title_background":0,"ocean_post_title_bg_image_position":"","ocean_post_title_bg_image_attachment":"","ocean_post_title_bg_image_repeat":"","ocean_post_title_bg_image_size":"","ocean_post_title_height":0,"ocean_post_title_bg_overlay":0.5,"ocean_post_title_bg_overlay_color":"","ocean_disable_breadcrumbs":"default","ocean_breadcrumbs_color":"","ocean_breadcrumbs_separator_color":"","ocean_breadcrumbs_links_color":"","ocean_breadcrumbs_links_hover_color":"","ocean_display_footer_widgets":"default","ocean_display_footer_bottom":"default","ocean_custom_footer_template":"0","footnotes":""},"class_list":["post-9","page","type-page","status-publish","hentry","entry"],"aioseo_notices":[],"jetpack_sharing_enabled":true,"_links":{"self":[{"href":"https:\/\/soigneralzheimer.com\/de\/wp-json\/wp\/v2\/pages\/9","targetHints":{"allow":["GET"]}}],"collection":[{"href":"https:\/\/soigneralzheimer.com\/de\/wp-json\/wp\/v2\/pages"}],"about":[{"href":"https:\/\/soigneralzheimer.com\/de\/wp-json\/wp\/v2\/types\/page"}],"author":[{"embeddable":true,"href":"https:\/\/soigneralzheimer.com\/de\/wp-json\/wp\/v2\/users\/2"}],"replies":[{"embeddable":true,"href":"https:\/\/soigneralzheimer.com\/de\/wp-json\/wp\/v2\/comments?post=9"}],"version-history":[{"count":5,"href":"https:\/\/soigneralzheimer.com\/de\/wp-json\/wp\/v2\/pages\/9\/revisions"}],"predecessor-version":[{"id":573,"href":"https:\/\/soigneralzheimer.com\/de\/wp-json\/wp\/v2\/pages\/9\/revisions\/573"}],"wp:attachment":[{"href":"https:\/\/soigneralzheimer.com\/de\/wp-json\/wp\/v2\/media?parent=9"}],"curies":[{"name":"wp","href":"https:\/\/api.w.org\/{rel}","templated":true}]}}