{"id":2656,"date":"2022-07-14T14:55:23","date_gmt":"2022-07-14T12:55:23","guid":{"rendered":"https:\/\/soigneralzheimer.com\/?page_id=2656"},"modified":"2022-07-14T14:55:26","modified_gmt":"2022-07-14T12:55:26","slug":"fleischroter-speisetaubling","status":"publish","type":"page","link":"https:\/\/soigneralzheimer.com\/de\/fleischroter-speisetaubling\/","title":{"rendered":"Fleischroter Speiset\u00e4ubling"},"content":{"rendered":"<p>Der Hut ist braun r\u00f6tlich, manchmal mit ockergelben Flecken. Die Huthaut, die zur H\u00e4lfte  abziehbar ist, geht nicht bis zum Rand, als ob sie ein bisschen zu kurz geraten w\u00e4re. <\/p>\n\n\n\n<figure class=\"wp-block-image size-large\"><img data-recalc-dims=\"1\" fetchpriority=\"high\" decoding=\"async\" width=\"1024\" height=\"768\" src=\"https:\/\/i0.wp.com\/soigneralzheimer.com\/wp-content\/uploads\/2022\/07\/20220714_144659.jpg?resize=1024%2C768&#038;ssl=1\" alt=\"\" class=\"wp-image-2657\" srcset=\"https:\/\/i0.wp.com\/soigneralzheimer.com\/wp-content\/uploads\/2022\/07\/20220714_144659.jpg?resize=1024%2C768&amp;ssl=1 1024w, https:\/\/i0.wp.com\/soigneralzheimer.com\/wp-content\/uploads\/2022\/07\/20220714_144659.jpg?resize=300%2C225&amp;ssl=1 300w, https:\/\/i0.wp.com\/soigneralzheimer.com\/wp-content\/uploads\/2022\/07\/20220714_144659.jpg?resize=768%2C576&amp;ssl=1 768w, https:\/\/i0.wp.com\/soigneralzheimer.com\/wp-content\/uploads\/2022\/07\/20220714_144659.jpg?resize=16%2C12&amp;ssl=1 16w, https:\/\/i0.wp.com\/soigneralzheimer.com\/wp-content\/uploads\/2022\/07\/20220714_144659.jpg?w=1459&amp;ssl=1 1459w\" sizes=\"(max-width: 1024px) 100vw, 1024px\" \/><\/figure>\n\n\n\n<p>Stiel und Lamellen sind wei\u00df. Der Fleisch ist spr\u00f6de. Bei jungen Exemplaren sind die Lamellen biegsam. Sie werden spr\u00f6de im Alter. <\/p>\n\n\n\n<figure class=\"wp-block-image size-large\"><img data-recalc-dims=\"1\" decoding=\"async\" width=\"1024\" height=\"768\" src=\"https:\/\/i0.wp.com\/soigneralzheimer.com\/wp-content\/uploads\/2022\/07\/20220714_144814.jpg?resize=1024%2C768&#038;ssl=1\" alt=\"\" class=\"wp-image-2658\" srcset=\"https:\/\/i0.wp.com\/soigneralzheimer.com\/wp-content\/uploads\/2022\/07\/20220714_144814.jpg?resize=1024%2C768&amp;ssl=1 1024w, https:\/\/i0.wp.com\/soigneralzheimer.com\/wp-content\/uploads\/2022\/07\/20220714_144814.jpg?resize=300%2C225&amp;ssl=1 300w, https:\/\/i0.wp.com\/soigneralzheimer.com\/wp-content\/uploads\/2022\/07\/20220714_144814.jpg?resize=768%2C576&amp;ssl=1 768w, https:\/\/i0.wp.com\/soigneralzheimer.com\/wp-content\/uploads\/2022\/07\/20220714_144814.jpg?resize=1536%2C1152&amp;ssl=1 1536w, https:\/\/i0.wp.com\/soigneralzheimer.com\/wp-content\/uploads\/2022\/07\/20220714_144814.jpg?resize=16%2C12&amp;ssl=1 16w, https:\/\/i0.wp.com\/soigneralzheimer.com\/wp-content\/uploads\/2022\/07\/20220714_144814.jpg?w=1709&amp;ssl=1 1709w\" sizes=\"(max-width: 1024px) 100vw, 1024px\" \/><\/figure>\n\n\n\n<p>Der Stiel ist unberingt, zylindrisch zur Basis zuspizend. Der Sporenpulver ist wei\u00df.<\/p>\n\n\n\n<h2 class=\"wp-block-heading\">Einige Exemplare <\/h2>\n\n\n\n<figure class=\"wp-block-gallery has-nested-images columns-default is-cropped wp-block-gallery-1 is-layout-flex wp-block-gallery-is-layout-flex\">\n<figure class=\"wp-block-image size-large\"><img data-recalc-dims=\"1\" decoding=\"async\" width=\"1024\" height=\"768\" data-id=\"2662\" src=\"https:\/\/i0.wp.com\/soigneralzheimer.com\/wp-content\/uploads\/2022\/07\/20220714_145302.jpg?resize=1024%2C768&#038;ssl=1\" alt=\"\" class=\"wp-image-2662\" srcset=\"https:\/\/i0.wp.com\/soigneralzheimer.com\/wp-content\/uploads\/2022\/07\/20220714_145302.jpg?resize=1024%2C768&amp;ssl=1 1024w, https:\/\/i0.wp.com\/soigneralzheimer.com\/wp-content\/uploads\/2022\/07\/20220714_145302.jpg?resize=300%2C225&amp;ssl=1 300w, https:\/\/i0.wp.com\/soigneralzheimer.com\/wp-content\/uploads\/2022\/07\/20220714_145302.jpg?resize=768%2C576&amp;ssl=1 768w, https:\/\/i0.wp.com\/soigneralzheimer.com\/wp-content\/uploads\/2022\/07\/20220714_145302.jpg?resize=1536%2C1152&amp;ssl=1 1536w, https:\/\/i0.wp.com\/soigneralzheimer.com\/wp-content\/uploads\/2022\/07\/20220714_145302.jpg?resize=16%2C12&amp;ssl=1 16w, https:\/\/i0.wp.com\/soigneralzheimer.com\/wp-content\/uploads\/2022\/07\/20220714_145302.jpg?w=1843&amp;ssl=1 1843w\" sizes=\"(max-width: 1024px) 100vw, 1024px\" \/><\/figure>\n\n\n\n<figure class=\"wp-block-image size-large\"><img data-recalc-dims=\"1\" loading=\"lazy\" decoding=\"async\" width=\"1024\" height=\"768\" data-id=\"2663\" src=\"https:\/\/i0.wp.com\/soigneralzheimer.com\/wp-content\/uploads\/2022\/07\/20220714_145148.jpg?resize=1024%2C768&#038;ssl=1\" alt=\"\" class=\"wp-image-2663\" srcset=\"https:\/\/i0.wp.com\/soigneralzheimer.com\/wp-content\/uploads\/2022\/07\/20220714_145148.jpg?resize=1024%2C768&amp;ssl=1 1024w, https:\/\/i0.wp.com\/soigneralzheimer.com\/wp-content\/uploads\/2022\/07\/20220714_145148.jpg?resize=300%2C225&amp;ssl=1 300w, https:\/\/i0.wp.com\/soigneralzheimer.com\/wp-content\/uploads\/2022\/07\/20220714_145148.jpg?resize=768%2C576&amp;ssl=1 768w, https:\/\/i0.wp.com\/soigneralzheimer.com\/wp-content\/uploads\/2022\/07\/20220714_145148.jpg?resize=1536%2C1152&amp;ssl=1 1536w, https:\/\/i0.wp.com\/soigneralzheimer.com\/wp-content\/uploads\/2022\/07\/20220714_145148.jpg?resize=16%2C12&amp;ssl=1 16w, https:\/\/i0.wp.com\/soigneralzheimer.com\/wp-content\/uploads\/2022\/07\/20220714_145148.jpg?w=1843&amp;ssl=1 1843w\" sizes=\"(max-width: 1024px) 100vw, 1024px\" \/><\/figure>\n\n\n\n<figure class=\"wp-block-image size-large\"><img data-recalc-dims=\"1\" loading=\"lazy\" decoding=\"async\" width=\"1024\" height=\"768\" data-id=\"2660\" src=\"https:\/\/i0.wp.com\/soigneralzheimer.com\/wp-content\/uploads\/2022\/07\/20220714_145115.jpg?resize=1024%2C768&#038;ssl=1\" alt=\"\" class=\"wp-image-2660\" srcset=\"https:\/\/i0.wp.com\/soigneralzheimer.com\/wp-content\/uploads\/2022\/07\/20220714_145115.jpg?resize=1024%2C768&amp;ssl=1 1024w, https:\/\/i0.wp.com\/soigneralzheimer.com\/wp-content\/uploads\/2022\/07\/20220714_145115.jpg?resize=300%2C225&amp;ssl=1 300w, https:\/\/i0.wp.com\/soigneralzheimer.com\/wp-content\/uploads\/2022\/07\/20220714_145115.jpg?resize=768%2C576&amp;ssl=1 768w, https:\/\/i0.wp.com\/soigneralzheimer.com\/wp-content\/uploads\/2022\/07\/20220714_145115.jpg?resize=1536%2C1152&amp;ssl=1 1536w, https:\/\/i0.wp.com\/soigneralzheimer.com\/wp-content\/uploads\/2022\/07\/20220714_145115.jpg?resize=16%2C12&amp;ssl=1 16w, https:\/\/i0.wp.com\/soigneralzheimer.com\/wp-content\/uploads\/2022\/07\/20220714_145115.jpg?w=1843&amp;ssl=1 1843w\" sizes=\"(max-width: 1024px) 100vw, 1024px\" \/><\/figure>\n\n\n\n<figure class=\"wp-block-image size-large\"><img data-recalc-dims=\"1\" loading=\"lazy\" decoding=\"async\" width=\"1024\" height=\"768\" data-id=\"2661\" src=\"https:\/\/i0.wp.com\/soigneralzheimer.com\/wp-content\/uploads\/2022\/07\/20220708_174451.jpg?resize=1024%2C768&#038;ssl=1\" alt=\"\" class=\"wp-image-2661\" srcset=\"https:\/\/i0.wp.com\/soigneralzheimer.com\/wp-content\/uploads\/2022\/07\/20220708_174451.jpg?resize=1024%2C768&amp;ssl=1 1024w, https:\/\/i0.wp.com\/soigneralzheimer.com\/wp-content\/uploads\/2022\/07\/20220708_174451.jpg?resize=300%2C225&amp;ssl=1 300w, https:\/\/i0.wp.com\/soigneralzheimer.com\/wp-content\/uploads\/2022\/07\/20220708_174451.jpg?resize=768%2C576&amp;ssl=1 768w, https:\/\/i0.wp.com\/soigneralzheimer.com\/wp-content\/uploads\/2022\/07\/20220708_174451.jpg?resize=1536%2C1152&amp;ssl=1 1536w, https:\/\/i0.wp.com\/soigneralzheimer.com\/wp-content\/uploads\/2022\/07\/20220708_174451.jpg?resize=16%2C12&amp;ssl=1 16w, https:\/\/i0.wp.com\/soigneralzheimer.com\/wp-content\/uploads\/2022\/07\/20220708_174451.jpg?w=1600&amp;ssl=1 1600w\" sizes=\"(max-width: 1024px) 100vw, 1024px\" \/><\/figure>\n<\/figure>","protected":false},"excerpt":{"rendered":"<p>Der Hut ist braun r\u00f6tlich, manchmal mit ockergelben Flecken. Die Huthaut, die zur H\u00e4lfte abziehbar ist, geht nicht bis zum Rand, als ob sie ein bisschen zu kurz geraten w\u00e4re. Stiel und Lamellen sind wei\u00df. Der Fleisch ist spr\u00f6de. Bei jungen Exemplaren sind die Lamellen biegsam. Sie werden spr\u00f6de im Alter. Der Stiel ist unberingt, [&hellip;]<\/p>\n","protected":false},"author":2,"featured_media":0,"parent":0,"menu_order":0,"comment_status":"closed","ping_status":"closed","template":"","meta":{"_mo_disable_npp":"","om_disable_all_campaigns":false,"_monsterinsights_skip_tracking":false,"_monsterinsights_sitenote_active":false,"_monsterinsights_sitenote_note":"","_monsterinsights_sitenote_category":0,"_uf_show_specific_survey":0,"_uf_disable_surveys":false,"ocean_post_layout":"","ocean_both_sidebars_style":"","ocean_both_sidebars_content_width":0,"ocean_both_sidebars_sidebars_width":0,"ocean_sidebar":"0","ocean_second_sidebar":"0","ocean_disable_margins":"enable","ocean_add_body_class":"","ocean_shortcode_before_top_bar":"","ocean_shortcode_after_top_bar":"","ocean_shortcode_before_header":"","ocean_shortcode_after_header":"","ocean_has_shortcode":"","ocean_shortcode_after_title":"","ocean_shortcode_before_footer_widgets":"","ocean_shortcode_after_footer_widgets":"","ocean_shortcode_before_footer_bottom":"","ocean_shortcode_after_footer_bottom":"","ocean_display_top_bar":"default","ocean_display_header":"default","ocean_header_style":"","ocean_center_header_left_menu":"0","ocean_custom_header_template":"0","ocean_custom_logo":0,"ocean_custom_retina_logo":0,"ocean_custom_logo_max_width":0,"ocean_custom_logo_tablet_max_width":0,"ocean_custom_logo_mobile_max_width":0,"ocean_custom_logo_max_height":0,"ocean_custom_logo_tablet_max_height":0,"ocean_custom_logo_mobile_max_height":0,"ocean_header_custom_menu":"0","ocean_menu_typo_font_family":"0","ocean_menu_typo_font_subset":"","ocean_menu_typo_font_size":0,"ocean_menu_typo_font_size_tablet":0,"ocean_menu_typo_font_size_mobile":0,"ocean_menu_typo_font_size_unit":"px","ocean_menu_typo_font_weight":"","ocean_menu_typo_font_weight_tablet":"","ocean_menu_typo_font_weight_mobile":"","ocean_menu_typo_transform":"","ocean_menu_typo_transform_tablet":"","ocean_menu_typo_transform_mobile":"","ocean_menu_typo_line_height":0,"ocean_menu_typo_line_height_tablet":0,"ocean_menu_typo_line_height_mobile":0,"ocean_menu_typo_line_height_unit":"","ocean_menu_typo_spacing":0,"ocean_menu_typo_spacing_tablet":0,"ocean_menu_typo_spacing_mobile":0,"ocean_menu_typo_spacing_unit":"","ocean_menu_link_color":"","ocean_menu_link_color_hover":"","ocean_menu_link_color_active":"","ocean_menu_link_background":"","ocean_menu_link_hover_background":"","ocean_menu_link_active_background":"","ocean_menu_social_links_bg":"","ocean_menu_social_hover_links_bg":"","ocean_menu_social_links_color":"","ocean_menu_social_hover_links_color":"","ocean_disable_title":"default","ocean_disable_heading":"default","ocean_post_title":"","ocean_post_subheading":"","ocean_post_title_style":"","ocean_post_title_background_color":"","ocean_post_title_background":0,"ocean_post_title_bg_image_position":"","ocean_post_title_bg_image_attachment":"","ocean_post_title_bg_image_repeat":"","ocean_post_title_bg_image_size":"","ocean_post_title_height":0,"ocean_post_title_bg_overlay":0.5,"ocean_post_title_bg_overlay_color":"","ocean_disable_breadcrumbs":"default","ocean_breadcrumbs_color":"","ocean_breadcrumbs_separator_color":"","ocean_breadcrumbs_links_color":"","ocean_breadcrumbs_links_hover_color":"","ocean_display_footer_widgets":"default","ocean_display_footer_bottom":"default","ocean_custom_footer_template":"0","footnotes":""},"class_list":["post-2656","page","type-page","status-publish","hentry","entry"],"aioseo_notices":[],"jetpack_sharing_enabled":true,"_links":{"self":[{"href":"https:\/\/soigneralzheimer.com\/de\/wp-json\/wp\/v2\/pages\/2656","targetHints":{"allow":["GET"]}}],"collection":[{"href":"https:\/\/soigneralzheimer.com\/de\/wp-json\/wp\/v2\/pages"}],"about":[{"href":"https:\/\/soigneralzheimer.com\/de\/wp-json\/wp\/v2\/types\/page"}],"author":[{"embeddable":true,"href":"https:\/\/soigneralzheimer.com\/de\/wp-json\/wp\/v2\/users\/2"}],"replies":[{"embeddable":true,"href":"https:\/\/soigneralzheimer.com\/de\/wp-json\/wp\/v2\/comments?post=2656"}],"version-history":[{"count":2,"href":"https:\/\/soigneralzheimer.com\/de\/wp-json\/wp\/v2\/pages\/2656\/revisions"}],"predecessor-version":[{"id":2664,"href":"https:\/\/soigneralzheimer.com\/de\/wp-json\/wp\/v2\/pages\/2656\/revisions\/2664"}],"wp:attachment":[{"href":"https:\/\/soigneralzheimer.com\/de\/wp-json\/wp\/v2\/media?parent=2656"}],"curies":[{"name":"wp","href":"https:\/\/api.w.org\/{rel}","templated":true}]}}