{"id":2626,"date":"2022-07-14T11:35:19","date_gmt":"2022-07-14T09:35:19","guid":{"rendered":"https:\/\/soigneralzheimer.com\/?page_id=2626"},"modified":"2022-07-14T11:54:37","modified_gmt":"2022-07-14T09:54:37","slug":"grauer-wulstling","status":"publish","type":"page","link":"https:\/\/soigneralzheimer.com\/de\/grauer-wulstling\/","title":{"rendered":"Grauer Wulstling"},"content":{"rendered":"<p>Der grauer Wulstling ist ein Pilz der Familie der Knollenbl\u00e4tterpilze. Die meisten Vertreterdueser Familie haben:<\/p>\n\n\n\n<ul class=\"wp-block-list\"><li>Eine knollige Stielbasis; <\/li><li>Eine Gesamt- und Teilh\u00fclle; <\/li><li>Wei\u00dfer Sporenpulver;<\/li><\/ul>\n\n\n\n<p>Der grauer Wulstling hat einen grauen Hut, bedeckt von unregelm\u00e4\u00dfig verteilte nicht rein wei\u00dfen Fl\u00f6ckchen (Reste der Gesamth\u00fclle). Der Hutrand ist nicht gerieft.<\/p>\n\n\n\n<figure class=\"wp-block-image size-large\"><img data-recalc-dims=\"1\" fetchpriority=\"high\" decoding=\"async\" width=\"1024\" height=\"768\" src=\"https:\/\/i0.wp.com\/soigneralzheimer.com\/wp-content\/uploads\/2022\/07\/20220714_093439.jpg?resize=1024%2C768&#038;ssl=1\" alt=\"\" class=\"wp-image-2627\" srcset=\"https:\/\/i0.wp.com\/soigneralzheimer.com\/wp-content\/uploads\/2022\/07\/20220714_093439.jpg?resize=1024%2C768&amp;ssl=1 1024w, https:\/\/i0.wp.com\/soigneralzheimer.com\/wp-content\/uploads\/2022\/07\/20220714_093439.jpg?resize=300%2C225&amp;ssl=1 300w, https:\/\/i0.wp.com\/soigneralzheimer.com\/wp-content\/uploads\/2022\/07\/20220714_093439.jpg?resize=768%2C576&amp;ssl=1 768w, https:\/\/i0.wp.com\/soigneralzheimer.com\/wp-content\/uploads\/2022\/07\/20220714_093439.jpg?resize=16%2C12&amp;ssl=1 16w, https:\/\/i0.wp.com\/soigneralzheimer.com\/wp-content\/uploads\/2022\/07\/20220714_093439.jpg?w=1285&amp;ssl=1 1285w\" sizes=\"(max-width: 1024px) 100vw, 1024px\" \/><figcaption>Hut mit schmutzig wei\u00dfe Fl\u00f6ckchen bedeckt. Hutrand nicht gerieft.<\/figcaption><\/figure>\n\n\n\n<p>Er besitzt einen gerieften Ring (Rest der Teilh\u00fclle).<\/p>\n\n\n\n<div class=\"wp-block-jetpack-tiled-gallery aligncenter is-style-rectangular\"><div class=\"tiled-gallery__gallery\"><div class=\"tiled-gallery__row\"><div class=\"tiled-gallery__col\" style=\"flex-basis:49.24186%\"><figure class=\"tiled-gallery__item\"><img decoding=\"async\" srcset=\"https:\/\/i1.wp.com\/soigneralzheimer.com\/wp-content\/uploads\/2022\/07\/20220714_111540.jpg?strip=info&#038;w=170&#038;ssl=1 170w\" alt=\"\" data-height=\"227\" data-id=\"2631\" data-link=\"https:\/\/soigneralzheimer.com\/?attachment_id=2631\" data-url=\"https:\/\/soigneralzheimer.com\/wp-content\/uploads\/2022\/07\/20220714_111540.jpg\" data-width=\"170\" src=\"https:\/\/i1.wp.com\/soigneralzheimer.com\/wp-content\/uploads\/2022\/07\/20220714_111540.jpg?ssl=1\" data-amp-layout=\"responsive\"\/><\/figure><\/div><div class=\"tiled-gallery__col\" style=\"flex-basis:50.75814%\"><figure class=\"tiled-gallery__item\"><img decoding=\"async\" srcset=\"https:\/\/i1.wp.com\/soigneralzheimer.com\/wp-content\/uploads\/2022\/07\/20220714_111707.jpg?strip=info&#038;w=600&#038;ssl=1 600w,https:\/\/i1.wp.com\/soigneralzheimer.com\/wp-content\/uploads\/2022\/07\/20220714_111707.jpg?strip=info&#038;w=691&#038;ssl=1 691w\" alt=\"\" data-height=\"895\" data-id=\"2632\" data-link=\"https:\/\/soigneralzheimer.com\/?attachment_id=2632\" data-url=\"https:\/\/soigneralzheimer.com\/wp-content\/uploads\/2022\/07\/20220714_111707.jpg\" data-width=\"691\" src=\"https:\/\/i1.wp.com\/soigneralzheimer.com\/wp-content\/uploads\/2022\/07\/20220714_111707.jpg?ssl=1\" data-amp-layout=\"responsive\"\/><\/figure><\/div><\/div><\/div><\/div>\n\n\n\n<p>Der Stiel geht allm\u00e4hlich in die Knolle hin\u00fcber.<\/p>\n\n\n\n<div class=\"wp-block-jetpack-tiled-gallery aligncenter is-style-rectangular\"><div class=\"tiled-gallery__gallery\"><div class=\"tiled-gallery__row\"><div class=\"tiled-gallery__col\" style=\"flex-basis:50.00515%\"><figure class=\"tiled-gallery__item\"><img decoding=\"async\" srcset=\"https:\/\/i0.wp.com\/soigneralzheimer.com\/wp-content\/uploads\/2022\/07\/20220714_111052.jpg?strip=info&#038;w=374&#038;ssl=1 374w\" alt=\"\" data-height=\"499\" data-id=\"2633\" data-link=\"https:\/\/soigneralzheimer.com\/?attachment_id=2633\" data-url=\"https:\/\/soigneralzheimer.com\/wp-content\/uploads\/2022\/07\/20220714_111052.jpg\" data-width=\"374\" src=\"https:\/\/i0.wp.com\/soigneralzheimer.com\/wp-content\/uploads\/2022\/07\/20220714_111052.jpg?ssl=1\" data-amp-layout=\"responsive\"\/><\/figure><\/div><div class=\"tiled-gallery__col\" style=\"flex-basis:49.99485%\"><figure class=\"tiled-gallery__item\"><img decoding=\"async\" srcset=\"https:\/\/i2.wp.com\/soigneralzheimer.com\/wp-content\/uploads\/2022\/07\/20220714_112004.jpg?strip=info&#038;w=571&#038;ssl=1 571w\" alt=\"\" data-height=\"762\" data-id=\"2634\" data-link=\"https:\/\/soigneralzheimer.com\/?attachment_id=2634\" data-url=\"https:\/\/soigneralzheimer.com\/wp-content\/uploads\/2022\/07\/20220714_112004.jpg\" data-width=\"571\" src=\"https:\/\/i2.wp.com\/soigneralzheimer.com\/wp-content\/uploads\/2022\/07\/20220714_112004.jpg?ssl=1\" data-amp-layout=\"responsive\"\/><\/figure><\/div><\/div><\/div><\/div>\n\n\n\n<h2 class=\"wp-block-heading\">Einige Exemplare <\/h2>\n\n\n\n<figure class=\"wp-block-gallery has-nested-images columns-default is-cropped wp-block-gallery-1 is-layout-flex wp-block-gallery-is-layout-flex\">\n<figure class=\"wp-block-image size-large\"><img data-recalc-dims=\"1\" decoding=\"async\" width=\"768\" height=\"1024\" data-id=\"2637\" src=\"https:\/\/i0.wp.com\/soigneralzheimer.com\/wp-content\/uploads\/2022\/07\/20220714_112344.jpg?resize=768%2C1024&#038;ssl=1\" alt=\"\" class=\"wp-image-2637\" srcset=\"https:\/\/i0.wp.com\/soigneralzheimer.com\/wp-content\/uploads\/2022\/07\/20220714_112344.jpg?resize=768%2C1024&amp;ssl=1 768w, https:\/\/i0.wp.com\/soigneralzheimer.com\/wp-content\/uploads\/2022\/07\/20220714_112344.jpg?resize=225%2C300&amp;ssl=1 225w, https:\/\/i0.wp.com\/soigneralzheimer.com\/wp-content\/uploads\/2022\/07\/20220714_112344.jpg?resize=1152%2C1536&amp;ssl=1 1152w, https:\/\/i0.wp.com\/soigneralzheimer.com\/wp-content\/uploads\/2022\/07\/20220714_112344.jpg?resize=9%2C12&amp;ssl=1 9w, https:\/\/i0.wp.com\/soigneralzheimer.com\/wp-content\/uploads\/2022\/07\/20220714_112344.jpg?w=1382&amp;ssl=1 1382w\" sizes=\"(max-width: 768px) 100vw, 768px\" \/><\/figure>\n\n\n\n<figure class=\"wp-block-image size-large\"><img data-recalc-dims=\"1\" decoding=\"async\" width=\"1024\" height=\"1024\" data-id=\"2636\" src=\"https:\/\/i0.wp.com\/soigneralzheimer.com\/wp-content\/uploads\/2022\/07\/20220703_092946-1.jpg?resize=1024%2C1024&#038;ssl=1\" alt=\"\" class=\"wp-image-2636\" srcset=\"https:\/\/i0.wp.com\/soigneralzheimer.com\/wp-content\/uploads\/2022\/07\/20220703_092946-1.jpg?resize=1024%2C1024&amp;ssl=1 1024w, https:\/\/i0.wp.com\/soigneralzheimer.com\/wp-content\/uploads\/2022\/07\/20220703_092946-1.jpg?resize=300%2C300&amp;ssl=1 300w, https:\/\/i0.wp.com\/soigneralzheimer.com\/wp-content\/uploads\/2022\/07\/20220703_092946-1.jpg?resize=150%2C150&amp;ssl=1 150w, https:\/\/i0.wp.com\/soigneralzheimer.com\/wp-content\/uploads\/2022\/07\/20220703_092946-1.jpg?resize=768%2C768&amp;ssl=1 768w, https:\/\/i0.wp.com\/soigneralzheimer.com\/wp-content\/uploads\/2022\/07\/20220703_092946-1.jpg?resize=12%2C12&amp;ssl=1 12w, https:\/\/i0.wp.com\/soigneralzheimer.com\/wp-content\/uploads\/2022\/07\/20220703_092946-1.jpg?resize=600%2C600&amp;ssl=1 600w, https:\/\/i0.wp.com\/soigneralzheimer.com\/wp-content\/uploads\/2022\/07\/20220703_092946-1.jpg?w=1382&amp;ssl=1 1382w\" sizes=\"(max-width: 1024px) 100vw, 1024px\" \/><\/figure>\n<\/figure>\n\n\n\n<p>Es wird abgeraten den grauen Wulstling f\u00fcr Speisezwecke zu sammeln, weil die Gefahr ihn mit dem Pantherpilz zu verwechseln zu gro\u00df ist!<\/p>","protected":false},"excerpt":{"rendered":"<p>Der grauer Wulstling ist ein Pilz der Familie der Knollenbl\u00e4tterpilze. Die meisten Vertreterdueser Familie haben: Eine knollige Stielbasis; Eine Gesamt- und Teilh\u00fclle; Wei\u00dfer Sporenpulver; Der grauer Wulstling hat einen grauen Hut, bedeckt von unregelm\u00e4\u00dfig verteilte nicht rein wei\u00dfen Fl\u00f6ckchen (Reste der Gesamth\u00fclle). Der Hutrand ist nicht gerieft. Er besitzt einen gerieften Ring (Rest der Teilh\u00fclle). [&hellip;]<\/p>\n","protected":false},"author":2,"featured_media":0,"parent":0,"menu_order":0,"comment_status":"closed","ping_status":"closed","template":"","meta":{"_mo_disable_npp":"","om_disable_all_campaigns":false,"_monsterinsights_skip_tracking":false,"_monsterinsights_sitenote_active":false,"_monsterinsights_sitenote_note":"","_monsterinsights_sitenote_category":0,"_uf_show_specific_survey":0,"_uf_disable_surveys":false,"ocean_post_layout":"","ocean_both_sidebars_style":"","ocean_both_sidebars_content_width":0,"ocean_both_sidebars_sidebars_width":0,"ocean_sidebar":"0","ocean_second_sidebar":"0","ocean_disable_margins":"enable","ocean_add_body_class":"","ocean_shortcode_before_top_bar":"","ocean_shortcode_after_top_bar":"","ocean_shortcode_before_header":"","ocean_shortcode_after_header":"","ocean_has_shortcode":"","ocean_shortcode_after_title":"","ocean_shortcode_before_footer_widgets":"","ocean_shortcode_after_footer_widgets":"","ocean_shortcode_before_footer_bottom":"","ocean_shortcode_after_footer_bottom":"","ocean_display_top_bar":"default","ocean_display_header":"default","ocean_header_style":"","ocean_center_header_left_menu":"0","ocean_custom_header_template":"0","ocean_custom_logo":0,"ocean_custom_retina_logo":0,"ocean_custom_logo_max_width":0,"ocean_custom_logo_tablet_max_width":0,"ocean_custom_logo_mobile_max_width":0,"ocean_custom_logo_max_height":0,"ocean_custom_logo_tablet_max_height":0,"ocean_custom_logo_mobile_max_height":0,"ocean_header_custom_menu":"0","ocean_menu_typo_font_family":"0","ocean_menu_typo_font_subset":"","ocean_menu_typo_font_size":0,"ocean_menu_typo_font_size_tablet":0,"ocean_menu_typo_font_size_mobile":0,"ocean_menu_typo_font_size_unit":"px","ocean_menu_typo_font_weight":"","ocean_menu_typo_font_weight_tablet":"","ocean_menu_typo_font_weight_mobile":"","ocean_menu_typo_transform":"","ocean_menu_typo_transform_tablet":"","ocean_menu_typo_transform_mobile":"","ocean_menu_typo_line_height":0,"ocean_menu_typo_line_height_tablet":0,"ocean_menu_typo_line_height_mobile":0,"ocean_menu_typo_line_height_unit":"","ocean_menu_typo_spacing":0,"ocean_menu_typo_spacing_tablet":0,"ocean_menu_typo_spacing_mobile":0,"ocean_menu_typo_spacing_unit":"","ocean_menu_link_color":"","ocean_menu_link_color_hover":"","ocean_menu_link_color_active":"","ocean_menu_link_background":"","ocean_menu_link_hover_background":"","ocean_menu_link_active_background":"","ocean_menu_social_links_bg":"","ocean_menu_social_hover_links_bg":"","ocean_menu_social_links_color":"","ocean_menu_social_hover_links_color":"","ocean_disable_title":"default","ocean_disable_heading":"default","ocean_post_title":"","ocean_post_subheading":"","ocean_post_title_style":"","ocean_post_title_background_color":"","ocean_post_title_background":0,"ocean_post_title_bg_image_position":"","ocean_post_title_bg_image_attachment":"","ocean_post_title_bg_image_repeat":"","ocean_post_title_bg_image_size":"","ocean_post_title_height":0,"ocean_post_title_bg_overlay":0.5,"ocean_post_title_bg_overlay_color":"","ocean_disable_breadcrumbs":"default","ocean_breadcrumbs_color":"","ocean_breadcrumbs_separator_color":"","ocean_breadcrumbs_links_color":"","ocean_breadcrumbs_links_hover_color":"","ocean_display_footer_widgets":"default","ocean_display_footer_bottom":"default","ocean_custom_footer_template":"0","footnotes":""},"class_list":["post-2626","page","type-page","status-publish","hentry","entry"],"aioseo_notices":[],"jetpack_sharing_enabled":true,"_links":{"self":[{"href":"https:\/\/soigneralzheimer.com\/de\/wp-json\/wp\/v2\/pages\/2626","targetHints":{"allow":["GET"]}}],"collection":[{"href":"https:\/\/soigneralzheimer.com\/de\/wp-json\/wp\/v2\/pages"}],"about":[{"href":"https:\/\/soigneralzheimer.com\/de\/wp-json\/wp\/v2\/types\/page"}],"author":[{"embeddable":true,"href":"https:\/\/soigneralzheimer.com\/de\/wp-json\/wp\/v2\/users\/2"}],"replies":[{"embeddable":true,"href":"https:\/\/soigneralzheimer.com\/de\/wp-json\/wp\/v2\/comments?post=2626"}],"version-history":[{"count":5,"href":"https:\/\/soigneralzheimer.com\/de\/wp-json\/wp\/v2\/pages\/2626\/revisions"}],"predecessor-version":[{"id":2640,"href":"https:\/\/soigneralzheimer.com\/de\/wp-json\/wp\/v2\/pages\/2626\/revisions\/2640"}],"wp:attachment":[{"href":"https:\/\/soigneralzheimer.com\/de\/wp-json\/wp\/v2\/media?parent=2626"}],"curies":[{"name":"wp","href":"https:\/\/api.w.org\/{rel}","templated":true}]}}